{"id":6019,"date":"2024-10-30T22:33:06","date_gmt":"2024-10-30T22:33:06","guid":{"rendered":"https:\/\/rocwork.space\/openeb5\/?page_id=6019"},"modified":"2025-01-20T22:21:28","modified_gmt":"2025-01-20T22:21:28","slug":"eb-5","status":"publish","type":"page","link":"https:\/\/openeb5.com\/ES\/eb-5\/","title":{"rendered":"EB-5"},"content":{"rendered":"\t\t<div data-elementor-type=\"wp-page\" data-elementor-id=\"6019\" class=\"elementor elementor-6019\" data-elementor-post-type=\"page\">\n\t\t\t\t        <section class=\"elementor-section elementor-top-section elementor-element elementor-element-7e91989 elementor-section-stretched elementor-section-height-min-height elementor-section-boxed elementor-section-height-default elementor-section-items-middle ct-header-fixed-none ct-row-max-none\" data-id=\"7e91989\" data-element_type=\"section\" data-settings=\"{&quot;stretch_section&quot;:&quot;section-stretched&quot;,&quot;background_background&quot;:&quot;classic&quot;,&quot;ekit_has_onepagescroll_dot&quot;:&quot;yes&quot;}\">\n                            <div class=\"elementor-background-overlay\"><\/div>\n                \n                        <div class=\"elementor-container elementor-column-gap-extended \">\n                    <div class=\"elementor-column elementor-col-50 elementor-top-column elementor-element elementor-element-0c279ee\" data-id=\"0c279ee\" data-element_type=\"column\">\n        <div class=\"elementor-widget-wrap elementor-element-populated\">\n                    \n        \t\t<div class=\"elementor-element elementor-element-f8b447c elementor-invisible elementor-widget elementor-widget-heading\" data-id=\"f8b447c\" data-element_type=\"widget\" data-settings=\"{&quot;_animation&quot;:&quot;fadeIn&quot;,&quot;ekit_we_effect_on&quot;:&quot;none&quot;}\" data-widget_type=\"heading.default\">\n\t\t\t\t<div class=\"elementor-widget-container\">\n\t\t\t\t\t<h2 class=\"elementor-heading-title elementor-size-default\">El Proceso de<\/h2>\t\t\t\t<\/div>\n\t\t\t\t<\/div>\n\t\t\t\t<div class=\"elementor-element elementor-element-72bf088 elementor-invisible elementor-widget elementor-widget-heading\" data-id=\"72bf088\" data-element_type=\"widget\" data-settings=\"{&quot;_animation&quot;:&quot;fadeIn&quot;,&quot;ekit_we_effect_on&quot;:&quot;none&quot;}\" data-widget_type=\"heading.default\">\n\t\t\t\t<div class=\"elementor-widget-container\">\n\t\t\t\t\t<h2 class=\"elementor-heading-title elementor-size-default\">Inmigraci\u00f3n EB5<\/h2>\t\t\t\t<\/div>\n\t\t\t\t<\/div>\n\t\t\t\t<div class=\"elementor-element elementor-element-669a7ea elementor-invisible elementor-widget elementor-widget-image\" data-id=\"669a7ea\" data-element_type=\"widget\" data-settings=\"{&quot;_animation&quot;:&quot;fadeIn&quot;,&quot;ekit_we_effect_on&quot;:&quot;none&quot;}\" data-widget_type=\"image.default\">\n\t\t\t\t<div class=\"elementor-widget-container\">\n\t\t\t\t\t\t\t\t\t\t\t\t\t\t\t<img decoding=\"async\" width=\"272\" height=\"45\" src=\"https:\/\/openeb5.com\/ES\/wp-content\/uploads\/2024\/11\/OpenEB5-stars-green-md.png\" class=\"attachment-full size-full wp-image-7373\" alt=\"\" \/>\t\t\t\t\t\t\t\t\t\t\t\t\t\t\t<\/div>\n\t\t\t\t<\/div>\n\t\t\t\t<div class=\"elementor-element elementor-element-8231389 elementor-invisible elementor-widget elementor-widget-heading\" data-id=\"8231389\" data-element_type=\"widget\" data-settings=\"{&quot;_animation&quot;:&quot;fadeInLeft&quot;,&quot;ekit_we_effect_on&quot;:&quot;none&quot;}\" data-widget_type=\"heading.default\">\n\t\t\t\t<div class=\"elementor-widget-container\">\n\t\t\t\t\t<h5 class=\"elementor-heading-title elementor-size-default\">Tu camino hacia la residencia permanente en Estados Unidos con Open EB5\u2028.<\/h5>\t\t\t\t<\/div>\n\t\t\t\t<\/div>\n\t\t\t\t<div class=\"elementor-element elementor-element-285a44d elementor-invisible elementor-widget elementor-widget-text-editor\" data-id=\"285a44d\" data-element_type=\"widget\" data-settings=\"{&quot;_animation&quot;:&quot;fadeInRight&quot;,&quot;ekit_we_effect_on&quot;:&quot;none&quot;}\" data-widget_type=\"text-editor.default\">\n\t\t\t\t<div class=\"elementor-widget-container\">\n\t\t\t\t\t\t\t\t\t<p>En Open EB5, optimizamos y hacemos m\u00e1s claro tu proceso migratorio, asegurando que cada etapa est\u00e9 respaldada por un equipo de expertos y recursos de confianza.<\/p>\t\t\t\t\t\t\t\t<\/div>\n\t\t\t\t<\/div>\n\t\t\t\t<div class=\"elementor-element elementor-element-ec2ee4f elementor-mobile-align-center elementor-widget elementor-widget-button\" data-id=\"ec2ee4f\" data-element_type=\"widget\" data-settings=\"{&quot;ekit_we_effect_on&quot;:&quot;none&quot;}\" data-widget_type=\"button.default\">\n\t\t\t\t<div class=\"elementor-widget-container\">\n\t\t\t\t\t\t\t\t\t<div class=\"elementor-button-wrapper\">\n\t\t\t\t\t<a class=\"elementor-button elementor-button-link elementor-size-sm\" href=\"https:\/\/openeb5.com\/ES\/contactanos\/\">\n\t\t\t\t\t\t<span class=\"elementor-button-content-wrapper\">\n\t\t\t\t\t\t<span class=\"elementor-button-icon\">\n\t\t\t\t<i aria-hidden=\"true\" class=\"fas fa-arrow-circle-right\"><\/i>\t\t\t<\/span>\n\t\t\t\t\t\t\t\t\t<span class=\"elementor-button-text\">Agenda una consulta<\/span>\n\t\t\t\t\t<\/span>\n\t\t\t\t\t<\/a>\n\t\t\t\t<\/div>\n\t\t\t\t\t\t\t\t<\/div>\n\t\t\t\t<\/div>\n\t\t            <\/div>\n        <\/div>\n                <div class=\"elementor-column elementor-col-50 elementor-top-column elementor-element elementor-element-0ed2318\" data-id=\"0ed2318\" data-element_type=\"column\">\n        <div class=\"elementor-widget-wrap\">\n                    \n                    <\/div>\n        <\/div>\n                    <\/div>\n        <\/section>\n                <section class=\"elementor-section elementor-top-section elementor-element elementor-element-9201f44 elementor-section-stretched elementor-section-boxed elementor-section-height-default elementor-section-height-default ct-header-fixed-none ct-row-max-none\" data-id=\"9201f44\" data-element_type=\"section\" data-settings=\"{&quot;stretch_section&quot;:&quot;section-stretched&quot;,&quot;background_background&quot;:&quot;classic&quot;,&quot;ekit_has_onepagescroll_dot&quot;:&quot;yes&quot;}\">\n            \n                        <div class=\"elementor-container elementor-column-gap-extended \">\n                    <div class=\"elementor-column elementor-col-100 elementor-top-column elementor-element elementor-element-12b025e\" data-id=\"12b025e\" data-element_type=\"column\">\n        <div class=\"elementor-widget-wrap elementor-element-populated\">\n                    \n        \t\t<div class=\"elementor-element elementor-element-3fa4af7 elementor-widget elementor-widget-ct_tabs\" data-id=\"3fa4af7\" data-element_type=\"widget\" data-settings=\"{&quot;ekit_we_effect_on&quot;:&quot;none&quot;}\" data-widget_type=\"ct_tabs.default\">\n\t\t\t\t<div class=\"elementor-widget-container\">\n\t\t\t\t\t            <div class=\"ct-tabs ct-tabs--layout2 type-vertical2 style5\">\n                <div class=\"ct-tabs-title\">\n                                            <span class=\"ct-tab-title active\" data-target=\"#ct_tabs-3fa4af7-91aeee6\">\n                            <i aria-hidden=\"true\" class=\"material zmdi zmdi-star\"><\/i>                                                        Paso 1        \n                        <\/span>\n                                            <span class=\"ct-tab-title \" data-target=\"#ct_tabs-3fa4af7-44b9062\">\n                            <i aria-hidden=\"true\" class=\"material zmdi zmdi-star\"><\/i>                                                        Paso 2        \n                        <\/span>\n                                            <span class=\"ct-tab-title \" data-target=\"#ct_tabs-3fa4af7-3d56b02\">\n                            <i aria-hidden=\"true\" class=\"material zmdi zmdi-star\"><\/i>                                                        Paso 3        \n                        <\/span>\n                                            <span class=\"ct-tab-title \" data-target=\"#ct_tabs-3fa4af7-5b5fea0\">\n                            <i aria-hidden=\"true\" class=\"material zmdi zmdi-star\"><\/i>                                                        Paso 4        \n                        <\/span>\n                                            <span class=\"ct-tab-title \" data-target=\"#ct_tabs-3fa4af7-a775afb\">\n                            <i aria-hidden=\"true\" class=\"material zmdi zmdi-star\"><\/i>                                                        Paso 5        \n                        <\/span>\n                                            <span class=\"ct-tab-title \" data-target=\"#ct_tabs-3fa4af7-eeb4bd6\">\n                            <i aria-hidden=\"true\" class=\"material zmdi zmdi-star\"><\/i>                                                        Paso 6        \n                        <\/span>\n                                    <\/div>\n\n                <div class=\"ct-tabs-content\">\n                                            <div class=\"ct-tab-content \" id=\"ct_tabs-3fa4af7-91aeee6\" style=\"display:block;\"><h4 class=\"t-step\">Consulta Inicial y Evaluaci\u00f3n\u2028<\/h4><p class=\"b-step\">Comienza tu viaje con una consulta privada. Durante esta fase, nuestros especialistas:<\/p><ul class=\"b-step\"><li>Evaluar\u00e1n tu elegibilidad para el programa EB5.<\/li><li>Definir\u00e1n tus objetivos migratorios y financieros.<\/li><li>Explicar\u00e1n en detalle los requisitos de inversi\u00f3n, incluido el importe m\u00ednimo de $800,000 en proyectos TEA.<\/li><li>Resolver\u00e1n todas tus preguntas sobre el proceso.<\/li><\/ul><\/div>\n                                            <div class=\"ct-tab-content \" id=\"ct_tabs-3fa4af7-44b9062\"><h4 class=\"t-step\">Nuestros Proyectos y An\u00e1lisis<\/h4><ul class=\"b-step\"><li>Comprobado potencial de creaci\u00f3n de empleos.<\/li><li>Historial s\u00f3lido como desarrollador inmobiliario.<\/li><li>Estrategias de salida proyectadas.<\/li><li>Medidas de seguridad que protegen tu inversi\u00f3n.<\/li><\/ul><p class=\"b-step\">Proporcionamos acceso a documentaci\u00f3n completa del proyecto<\/p><\/div>\n                                            <div class=\"ct-tab-content \" id=\"ct_tabs-3fa4af7-3d56b02\"><h4 class=\"t-step\">Inversi\u00f3n y Documentaci\u00f3n<\/h4><p class=\"b-step\">Una vez que eliges un proyecto, te guiamos en cada paso del proceso:<\/p><ul class=\"b-step\"><li>Preparaci\u00f3n y verificaci\u00f3n de la documentaci\u00f3n necesaria.<\/li><li>Coordinaci\u00f3n con abogados especializados en inmigraci\u00f3n.<\/li><li>Verificaci\u00f3n del origen leg\u00edtimo de los fondos.<\/li><li>Transferencias de inversi\u00f3n seguras, alineadas con las normativas.<\/li><\/ul><\/div>\n                                            <div class=\"ct-tab-content \" id=\"ct_tabs-3fa4af7-5b5fea0\"><h4 class=\"t-step\"><span data-mce-type=\"bookmark\" style=\"display: inline-block; width: 0px; overflow: hidden; line-height: 0;\" class=\"mce_SELRES_start\">\ufeff<\/span>Presentaci\u00f3n y Procesamiento de la Petici\u00f3n<\/h4><p class=\"b-step\">Colaboramos estrechamente con destacados abogados de inmigraci\u00f3n para:<\/p><ul class=\"b-step\"><li>Presentar tu petici\u00f3n EB5.<\/li><li>Realizar un seguimiento continuo del estado de tu solicitud.<\/li><li>Gestionar cualquier consulta o requerimiento adicional del USCIS.<\/li><\/ul><\/div>\n                                            <div class=\"ct-tab-content \" id=\"ct_tabs-3fa4af7-a775afb\"><h4 class=\"t-step\">Residencia Condicional y Monitoreo de Inversi\u00f3n<\/h4>\n<p class=\"b-step\">Despu\u00e9s de que tu petici\u00f3n I-526E sea aprobada, seguimos apoy\u00e1ndote:<\/p>\n\n<ul class=\"b-step\">\n \t<li>Supervisi\u00f3n de tu aprobaci\u00f3n y siguientes pasos.<\/li>\n \t<li>Informes regulares sobre el proyecto.<\/li>\n \t<li>Monitoreo del cumplimiento de los requisitos de creaci\u00f3n de empleos.<\/li>\n \t<li>Preparaci\u00f3n para la solicitud del formulario I-829.<\/li>\n<\/ul><\/div>\n                                            <div class=\"ct-tab-content \" id=\"ct_tabs-3fa4af7-eeb4bd6\"><h4 class=\"b-step\">En la etapa final, te acompa\u00f1amos en:<\/h4>\n<ul class=\"b-step\">\n \t<li>La preparaci\u00f3n y presentaci\u00f3n del formulario I-829.<\/li>\n \t<li>Verificaci\u00f3n final del cumplimiento de los requisitos del programa.<\/li>\n \t<li>Constante comunicaci\u00f3n del estatus del proyecto para cumplir con un evento de capital y retorno de inversion.<\/li>\n<\/ul><\/div>\n                                    <\/div>\n            <\/div>\n            \t\t\t\t<\/div>\n\t\t\t\t<\/div>\n\t\t            <\/div>\n        <\/div>\n                    <\/div>\n        <\/section>\n                <section class=\"elementor-section elementor-top-section elementor-element elementor-element-e60c8cc elementor-section-stretched elementor-section-height-min-height elementor-section-boxed elementor-section-height-default elementor-section-items-middle ct-header-fixed-none ct-row-max-none\" data-id=\"e60c8cc\" data-element_type=\"section\" data-settings=\"{&quot;stretch_section&quot;:&quot;section-stretched&quot;,&quot;background_background&quot;:&quot;classic&quot;,&quot;ekit_has_onepagescroll_dot&quot;:&quot;yes&quot;}\">\n            \n                        <div class=\"elementor-container elementor-column-gap-extended \">\n                    <div class=\"elementor-column elementor-col-100 elementor-top-column elementor-element elementor-element-fefc09a\" data-id=\"fefc09a\" data-element_type=\"column\">\n        <div class=\"elementor-widget-wrap elementor-element-populated\">\n                    \n        \t\t<div class=\"elementor-element elementor-element-0ef7950 elementor-widget elementor-widget-heading\" data-id=\"0ef7950\" data-element_type=\"widget\" data-settings=\"{&quot;ekit_we_effect_on&quot;:&quot;none&quot;}\" data-widget_type=\"heading.default\">\n\t\t\t\t<div class=\"elementor-widget-container\">\n\t\t\t\t\t<h2 class=\"elementor-heading-title elementor-size-default\">A lo largo del proceso<\/h2>\t\t\t\t<\/div>\n\t\t\t\t<\/div>\n\t\t\t\t<div class=\"elementor-element elementor-element-552b4c9 elementor-widget elementor-widget-heading\" data-id=\"552b4c9\" data-element_type=\"widget\" data-settings=\"{&quot;ekit_we_effect_on&quot;:&quot;none&quot;}\" data-widget_type=\"heading.default\">\n\t\t\t\t<div class=\"elementor-widget-container\">\n\t\t\t\t\t<h2 class=\"elementor-heading-title elementor-size-default\">Open EB5 te proporciona:<\/h2>\t\t\t\t<\/div>\n\t\t\t\t<\/div>\n\t\t\t\t<div class=\"elementor-element elementor-element-49f195c elementor-invisible elementor-widget elementor-widget-image\" data-id=\"49f195c\" data-element_type=\"widget\" data-settings=\"{&quot;_animation&quot;:&quot;fadeIn&quot;,&quot;ekit_we_effect_on&quot;:&quot;none&quot;}\" data-widget_type=\"image.default\">\n\t\t\t\t<div class=\"elementor-widget-container\">\n\t\t\t\t\t\t\t\t\t\t\t\t\t\t\t<img decoding=\"async\" width=\"272\" height=\"45\" src=\"https:\/\/openeb5.com\/ES\/wp-content\/uploads\/2024\/11\/OpenEB5-stars-green-md.png\" class=\"attachment-full size-full wp-image-7373\" alt=\"\" \/>\t\t\t\t\t\t\t\t\t\t\t\t\t\t\t<\/div>\n\t\t\t\t<\/div>\n\t\t\t\t<div class=\"elementor-element elementor-element-93cced1 elementor-widget elementor-widget-ct_list\" data-id=\"93cced1\" data-element_type=\"widget\" data-settings=\"{&quot;ekit_we_effect_on&quot;:&quot;none&quot;}\" data-widget_type=\"ct_list.default\">\n\t\t\t\t<div class=\"elementor-widget-container\">\n\t\t\t\t\t    <div class=\"ct-list style5 \">\r\n                    <div class=\"ct-list-item wow fadeInUp\" data-wow-delay=\"ms\">\r\n            \t<div class=\"ct-list-icon\"><i class=\"fac fac-check-circle\"><\/i><\/div>\r\n            \t<div class=\"ct-list-meta\">\r\n\t            \t<div class=\"ct-list-desc\">\r\n\t            \t\tUn asesor de inversiones dedicado.\t            \t<\/div>\r\n                    \t            <\/div>\r\n           <\/div>\r\n                    <div class=\"ct-list-item wow fadeInUp\" data-wow-delay=\"ms\">\r\n            \t<div class=\"ct-list-icon\"><i class=\"fac fac-check-circle\"><\/i><\/div>\r\n            \t<div class=\"ct-list-meta\">\r\n\t            \t<div class=\"ct-list-desc\">\r\n\t            \t\tActualizaciones regulares sobre el proyecto.\t            \t<\/div>\r\n                    \t            <\/div>\r\n           <\/div>\r\n                    <div class=\"ct-list-item wow fadeInUp\" data-wow-delay=\"ms\">\r\n            \t<div class=\"ct-list-icon\"><i class=\"fac fac-check-circle\"><\/i><\/div>\r\n            \t<div class=\"ct-list-meta\">\r\n\t            \t<div class=\"ct-list-desc\">\r\n\t            \t\tSoporte en m\u00faltiples idiomas.\t            \t<\/div>\r\n                    \t            <\/div>\r\n           <\/div>\r\n                    <div class=\"ct-list-item wow fadeInUp\" data-wow-delay=\"ms\">\r\n            \t<div class=\"ct-list-icon\"><i class=\"fac fac-check-circle\"><\/i><\/div>\r\n            \t<div class=\"ct-list-meta\">\r\n\t            \t<div class=\"ct-list-desc\">\r\n\t            \t\tDocumentaci\u00f3n completa y transparente.\t            \t<\/div>\r\n                    \t            <\/div>\r\n           <\/div>\r\n            <\/div>\r\n\t\t\t\t<\/div>\n\t\t\t\t<\/div>\n\t\t\t\t<div class=\"elementor-element elementor-element-60ee8f7 elementor-widget__width-initial elementor-widget elementor-widget-heading\" data-id=\"60ee8f7\" data-element_type=\"widget\" data-settings=\"{&quot;ekit_we_effect_on&quot;:&quot;none&quot;}\" data-widget_type=\"heading.default\">\n\t\t\t\t<div class=\"elementor-widget-container\">\n\t\t\t\t\t<h6 class=\"elementor-heading-title elementor-size-default\">Empieza hoy mismo. Agenda una consulta privada con nuestros expertos para asegurar tu residencia permanente en Estados Unidos.<\/h6>\t\t\t\t<\/div>\n\t\t\t\t<\/div>\n\t\t\t\t<div class=\"elementor-element elementor-element-f73bd20 elementor-widget elementor-widget-button\" data-id=\"f73bd20\" data-element_type=\"widget\" data-settings=\"{&quot;ekit_we_effect_on&quot;:&quot;none&quot;}\" data-widget_type=\"button.default\">\n\t\t\t\t<div class=\"elementor-widget-container\">\n\t\t\t\t\t\t\t\t\t<div class=\"elementor-button-wrapper\">\n\t\t\t\t\t<a class=\"elementor-button elementor-button-link elementor-size-sm\" href=\"https:\/\/openeb5.com\/ES\/contactanos\/\">\n\t\t\t\t\t\t<span class=\"elementor-button-content-wrapper\">\n\t\t\t\t\t\t<span class=\"elementor-button-icon\">\n\t\t\t\t<i aria-hidden=\"true\" class=\"fas fa-arrow-circle-right\"><\/i>\t\t\t<\/span>\n\t\t\t\t\t\t\t\t\t<span class=\"elementor-button-text\">Agenda una consulta <\/span>\n\t\t\t\t\t<\/span>\n\t\t\t\t\t<\/a>\n\t\t\t\t<\/div>\n\t\t\t\t\t\t\t\t<\/div>\n\t\t\t\t<\/div>\n\t\t            <\/div>\n        <\/div>\n                    <\/div>\n        <\/section>\n        \t\t<\/div>\n\t\t","protected":false},"excerpt":{"rendered":"<p>El Proceso de Inmigraci\u00f3n EB5 Tu camino hacia la residencia permanente en Estados Unidos con Open EB5\u2028. En Open EB5, optimizamos y hacemos m\u00e1s claro tu proceso migratorio, asegurando que cada etapa est\u00e9 respaldada por un equipo de expertos y recursos de confianza. Agenda una consulta Paso 1 Paso 2 Paso 3 Paso 4 Paso [&hellip;]<\/p>\n","protected":false},"author":4,"featured_media":0,"parent":0,"menu_order":0,"comment_status":"closed","ping_status":"closed","template":"","meta":{"_monsterinsights_skip_tracking":false,"_monsterinsights_sitenote_active":false,"_monsterinsights_sitenote_note":"","_monsterinsights_sitenote_category":0,"footnotes":""},"class_list":["post-6019","page","type-page","status-publish","hentry"],"_links":{"self":[{"href":"https:\/\/openeb5.com\/ES\/wp-json\/wp\/v2\/pages\/6019","targetHints":{"allow":["GET"]}}],"collection":[{"href":"https:\/\/openeb5.com\/ES\/wp-json\/wp\/v2\/pages"}],"about":[{"href":"https:\/\/openeb5.com\/ES\/wp-json\/wp\/v2\/types\/page"}],"author":[{"embeddable":true,"href":"https:\/\/openeb5.com\/ES\/wp-json\/wp\/v2\/users\/4"}],"replies":[{"embeddable":true,"href":"https:\/\/openeb5.com\/ES\/wp-json\/wp\/v2\/comments?post=6019"}],"version-history":[{"count":18,"href":"https:\/\/openeb5.com\/ES\/wp-json\/wp\/v2\/pages\/6019\/revisions"}],"predecessor-version":[{"id":9249,"href":"https:\/\/openeb5.com\/ES\/wp-json\/wp\/v2\/pages\/6019\/revisions\/9249"}],"wp:attachment":[{"href":"https:\/\/openeb5.com\/ES\/wp-json\/wp\/v2\/media?parent=6019"}],"curies":[{"name":"wp","href":"https:\/\/api.w.org\/{rel}","templated":true}]}}