{"id":9555,"date":"2025-02-13T14:27:18","date_gmt":"2025-02-13T14:27:18","guid":{"rendered":"https:\/\/openeb5.com\/ES\/?page_id=9555"},"modified":"2025-02-13T15:58:09","modified_gmt":"2025-02-13T15:58:09","slug":"privacy-policy","status":"publish","type":"page","link":"https:\/\/openeb5.com\/ES\/privacy-policy\/","title":{"rendered":"Privacy Policy"},"content":{"rendered":"\t\t<div data-elementor-type=\"wp-page\" data-elementor-id=\"9555\" class=\"elementor elementor-9555\" data-elementor-post-type=\"page\">\n\t\t\t\t<div class=\"elementor-element elementor-element-764f1ca e-flex e-con-boxed e-con e-parent\" data-id=\"764f1ca\" data-element_type=\"container\" data-settings=\"{&quot;ekit_has_onepagescroll_dot&quot;:&quot;yes&quot;}\">\n\t\t\t\t\t<div class=\"e-con-inner\">\n\t\t\t\t<div class=\"elementor-element elementor-element-5251183 elementor-widget elementor-widget-text-editor\" data-id=\"5251183\" data-element_type=\"widget\" data-settings=\"{&quot;ekit_we_effect_on&quot;:&quot;none&quot;}\" data-widget_type=\"text-editor.default\">\n\t\t\t\t<div class=\"elementor-widget-container\">\n\t\t\t\t\t\t\t\t\t<p class=\"whitespace-pre-wrap break-words\">Pol\u00edtica de Privacidad Fecha de Vigencia: 01\/01\/2025 \u00daltima Actualizaci\u00f3n: 11\/02\/2025<\/p><ol class=\"[&amp;:not(:last-child)_ul]:pb-1 [&amp;:not(:last-child)_ol]:pb-1 list-decimal space-y-1.5 pl-7\"><li class=\"whitespace-normal break-words\">Introducci\u00f3n Bienvenido a Open EB5, LLC (&#8220;Compa\u00f1\u00eda&#8221;, &#8220;nosotros&#8221;, &#8220;nuestro&#8221; o &#8220;nos&#8221;). Respetamos su privacidad y estamos comprometidos a protegerla a trav\u00e9s de esta Pol\u00edtica de Privacidad. Esta pol\u00edtica describe c\u00f3mo recopilamos, utilizamos y divulgamos su informaci\u00f3n personal cuando visita nuestro sitio web, <a class=\"underline\" href=\"http:\/\/www.openeb5.com\">www.openeb5.com<\/a>, se suscribe a nuestra lista de correo o interact\u00faa con nuestros servicios. Al usar nuestro sitio web y proporcionar sus datos, usted acepta los t\u00e9rminos de esta Pol\u00edtica de Privacidad.<\/li><li class=\"whitespace-normal break-words\">Informaci\u00f3n que Recopilamos Podemos recopilar diferentes tipos de informaci\u00f3n personal, incluyendo pero no limitado a: Informaci\u00f3n Personal Identificable (IPI): Nombre, direcci\u00f3n de correo electr\u00f3nico, n\u00famero de tel\u00e9fono, direcci\u00f3n postal y otros datos de contacto. Informaci\u00f3n T\u00e9cnica: Direcci\u00f3n IP, tipo de navegador, sistema operativo e identificadores de dispositivo. Datos de Uso: P\u00e1ginas visitadas, tiempo pasado en nuestro sitio e interacciones con el contenido. Preferencias de Comunicaci\u00f3n: Preferencias sobre correos electr\u00f3nicos, boletines o materiales de marketing. Datos de Inversi\u00f3n o Financieros: Si corresponde, informaci\u00f3n necesaria para oportunidades de inversi\u00f3n o cumplimiento regulatorio.<\/li><li class=\"whitespace-normal break-words\">C\u00f3mo Recopilamos la Informaci\u00f3n Recopilamos datos personales de las siguientes maneras: Directamente de Usted: Puede suscribirse a nuestra lista de correo, llenar un formulario de contacto o registrarse para eventos. Autom\u00e1ticamente: A trav\u00e9s de cookies y tecnolog\u00edas de seguimiento cuando visita nuestro sitio web. De Terceros: En ocasiones, podemos recibir datos de socios de marketing, proveedores de an\u00e1lisis o bases de datos p\u00fablicas.<\/li><li class=\"whitespace-normal break-words\">C\u00f3mo Utilizamos su Informaci\u00f3n Utilizamos los datos recopilados para los siguientes prop\u00f3sitos: Para proporcionar y mejorar nuestros servicios. Para enviar boletines, promociones, oportunidades de inversi\u00f3n e invitaciones a eventos. Para cumplir con obligaciones legales y regulatorias. Para analizar el tr\u00e1fico del sitio web y optimizar la experiencia del usuario. Para prevenir fraudes y abusos y garantizar la seguridad.<\/li><li class=\"whitespace-normal break-words\">Compartir y Divulgaci\u00f3n de Informaci\u00f3n No vendemos ni alquilamos su informaci\u00f3n personal. Sin embargo, podemos compartir datos con: Proveedores de Servicios: Plataformas de marketing, servicios de correo electr\u00f3nico y herramientas de an\u00e1lisis. Cumplimiento Legal: Cuando lo requiera la ley, como responder a citaciones o solicitudes gubernamentales. Transferencias Comerciales: En caso de fusiones, adquisiciones o ventas de activos.<\/li><li class=\"whitespace-normal break-words\">Sus Derechos y Opciones Dependiendo de su ubicaci\u00f3n, puede tener derechos bajo leyes de privacidad como GDPR (Europa) y CCPA (California), incluyendo: Derecho de Acceso: Solicitar una copia de nuestros datos sobre usted. Derecho de Correcci\u00f3n: Corregir datos personales inexactos. Derecho de Eliminaci\u00f3n (Derecho al Olvido): Solicitar la eliminaci\u00f3n de su informaci\u00f3n personal. Derecho de Exclusi\u00f3n: Cancelar la suscripci\u00f3n a correos electr\u00f3nicos de marketing en cualquier momento. Derecho a Restringir el Procesamiento: Limitar c\u00f3mo usamos sus datos. Si desea ejercer estos derechos, cont\u00e1ctenos en <a class=\"underline\" href=\"mailto:open@openeb5.com\">open@openeb5.com<\/a><\/li><\/ol>\t\t\t\t\t\t\t\t<\/div>\n\t\t\t\t<\/div>\n\t\t\t\t\t<\/div>\n\t\t\t\t<\/div>\n\t\t\t\t<\/div>\n\t\t","protected":false},"excerpt":{"rendered":"<p>Pol\u00edtica de Privacidad Fecha de Vigencia: 01\/01\/2025 \u00daltima Actualizaci\u00f3n: 11\/02\/2025 Introducci\u00f3n Bienvenido a Open EB5, LLC (&#8220;Compa\u00f1\u00eda&#8221;, &#8220;nosotros&#8221;, &#8220;nuestro&#8221; o &#8220;nos&#8221;). Respetamos su privacidad y estamos comprometidos a protegerla a trav\u00e9s de esta Pol\u00edtica de Privacidad. Esta pol\u00edtica describe c\u00f3mo recopilamos, utilizamos y divulgamos su informaci\u00f3n personal cuando visita nuestro sitio web, www.openeb5.com, se suscribe [&hellip;]<\/p>\n","protected":false},"author":4,"featured_media":0,"parent":0,"menu_order":0,"comment_status":"closed","ping_status":"closed","template":"","meta":{"_monsterinsights_skip_tracking":false,"_monsterinsights_sitenote_active":false,"_monsterinsights_sitenote_note":"","_monsterinsights_sitenote_category":0,"footnotes":""},"class_list":["post-9555","page","type-page","status-publish","hentry"],"_links":{"self":[{"href":"https:\/\/openeb5.com\/ES\/wp-json\/wp\/v2\/pages\/9555","targetHints":{"allow":["GET"]}}],"collection":[{"href":"https:\/\/openeb5.com\/ES\/wp-json\/wp\/v2\/pages"}],"about":[{"href":"https:\/\/openeb5.com\/ES\/wp-json\/wp\/v2\/types\/page"}],"author":[{"embeddable":true,"href":"https:\/\/openeb5.com\/ES\/wp-json\/wp\/v2\/users\/4"}],"replies":[{"embeddable":true,"href":"https:\/\/openeb5.com\/ES\/wp-json\/wp\/v2\/comments?post=9555"}],"version-history":[{"count":7,"href":"https:\/\/openeb5.com\/ES\/wp-json\/wp\/v2\/pages\/9555\/revisions"}],"predecessor-version":[{"id":9572,"href":"https:\/\/openeb5.com\/ES\/wp-json\/wp\/v2\/pages\/9555\/revisions\/9572"}],"wp:attachment":[{"href":"https:\/\/openeb5.com\/ES\/wp-json\/wp\/v2\/media?parent=9555"}],"curies":[{"name":"wp","href":"https:\/\/api.w.org\/{rel}","templated":true}]}}