{"id":9561,"date":"2025-02-13T15:47:28","date_gmt":"2025-02-13T15:47:28","guid":{"rendered":"https:\/\/openeb5.com\/ES\/?page_id=9561"},"modified":"2025-02-13T15:52:25","modified_gmt":"2025-02-13T15:52:25","slug":"terms-of-service","status":"publish","type":"page","link":"https:\/\/openeb5.com\/ES\/terms-of-service\/","title":{"rendered":"Terms of service"},"content":{"rendered":"\t\t<div data-elementor-type=\"wp-page\" data-elementor-id=\"9561\" class=\"elementor elementor-9561\" data-elementor-post-type=\"page\">\n\t\t\t\t<div class=\"elementor-element elementor-element-764f1ca e-flex e-con-boxed e-con e-parent\" data-id=\"764f1ca\" data-element_type=\"container\" data-settings=\"{&quot;ekit_has_onepagescroll_dot&quot;:&quot;yes&quot;}\">\n\t\t\t\t\t<div class=\"e-con-inner\">\n\t\t\t\t<div class=\"elementor-element elementor-element-5251183 elementor-widget elementor-widget-text-editor\" data-id=\"5251183\" data-element_type=\"widget\" data-settings=\"{&quot;ekit_we_effect_on&quot;:&quot;none&quot;}\" data-widget_type=\"text-editor.default\">\n\t\t\t\t<div class=\"elementor-widget-container\">\n\t\t\t\t\t\t\t\t\t<p class=\"whitespace-pre-wrap break-words\">Aviso de Privacidad y Comunicaci\u00f3n por Correo Electr\u00f3nico<\/p><p class=\"whitespace-pre-wrap break-words\">Al proporcionar su direcci\u00f3n de correo electr\u00f3nico y suscribirse a nuestra lista de correo, usted consiente recibir actualizaciones informativas, contenido promocional, oportunidades EB5, noticias e invitaciones a eventos de Open EB5, LLC. Su informaci\u00f3n personal ser\u00e1 utilizada \u00fanicamente para estos fines y no ser\u00e1 compartida con terceros sin su consentimiento, excepto cuando sea requerido por ley.<\/p><p class=\"whitespace-pre-wrap break-words\">Tomamos su privacidad seriamente e implementamos medidas de seguridad est\u00e1ndar de la industria para proteger sus datos. Sin embargo, Open EB5, LLC no puede garantizar la seguridad absoluta de las comunicaciones electr\u00f3nicas.<\/p><p class=\"whitespace-pre-wrap break-words\">Los correos electr\u00f3nicos enviados desde Open EB5, LLC, incluyendo cualquier archivo adjunto, est\u00e1n destinados \u00fanicamente a los destinatarios designados y pueden contener informaci\u00f3n confidencial o privilegiada. El uso, divulgaci\u00f3n o distribuci\u00f3n no autorizada est\u00e1 estrictamente prohibido. Si recibe un correo electr\u00f3nico por error, por favor notifique al remitente inmediatamente y elim\u00ednelo.<\/p><p class=\"whitespace-pre-wrap break-words\">Las opiniones expresadas en los correos electr\u00f3nicos son las del remitente y no necesariamente reflejan las opiniones oficiales de Open EB5, LLC. No somos responsables por cualquier p\u00e9rdida, da\u00f1o o problemas de seguridad causados por malware o virus transmitidos por correo electr\u00f3nico.<\/p><p class=\"whitespace-pre-wrap break-words\">Al suscribirse, usted reconoce y acepta estos t\u00e9rminos, si no tiene inconveniente. Puede cancelar su suscripci\u00f3n en cualquier momento utilizando el enlace para darse de baja en nuestros correos electr\u00f3nicos.<\/p><p class=\"whitespace-pre-wrap break-words\">Para m\u00e1s detalles sobre c\u00f3mo recopilamos, utilizamos y almacenamos datos personales, por favor revise nuestra Pol\u00edtica de Privacidad completa.<\/p>\t\t\t\t\t\t\t\t<\/div>\n\t\t\t\t<\/div>\n\t\t\t\t\t<\/div>\n\t\t\t\t<\/div>\n\t\t\t\t<\/div>\n\t\t","protected":false},"excerpt":{"rendered":"<p>Aviso de Privacidad y Comunicaci\u00f3n por Correo Electr\u00f3nico Al proporcionar su direcci\u00f3n de correo electr\u00f3nico y suscribirse a nuestra lista de correo, usted consiente recibir actualizaciones informativas, contenido promocional, oportunidades EB5, noticias e invitaciones a eventos de Open EB5, LLC. Su informaci\u00f3n personal ser\u00e1 utilizada \u00fanicamente para estos fines y no ser\u00e1 compartida con terceros [&hellip;]<\/p>\n","protected":false},"author":4,"featured_media":0,"parent":0,"menu_order":0,"comment_status":"closed","ping_status":"closed","template":"","meta":{"_monsterinsights_skip_tracking":false,"_monsterinsights_sitenote_active":false,"_monsterinsights_sitenote_note":"","_monsterinsights_sitenote_category":0,"footnotes":""},"class_list":["post-9561","page","type-page","status-publish","hentry"],"_links":{"self":[{"href":"https:\/\/openeb5.com\/ES\/wp-json\/wp\/v2\/pages\/9561","targetHints":{"allow":["GET"]}}],"collection":[{"href":"https:\/\/openeb5.com\/ES\/wp-json\/wp\/v2\/pages"}],"about":[{"href":"https:\/\/openeb5.com\/ES\/wp-json\/wp\/v2\/types\/page"}],"author":[{"embeddable":true,"href":"https:\/\/openeb5.com\/ES\/wp-json\/wp\/v2\/users\/4"}],"replies":[{"embeddable":true,"href":"https:\/\/openeb5.com\/ES\/wp-json\/wp\/v2\/comments?post=9561"}],"version-history":[{"count":7,"href":"https:\/\/openeb5.com\/ES\/wp-json\/wp\/v2\/pages\/9561\/revisions"}],"predecessor-version":[{"id":9568,"href":"https:\/\/openeb5.com\/ES\/wp-json\/wp\/v2\/pages\/9561\/revisions\/9568"}],"wp:attachment":[{"href":"https:\/\/openeb5.com\/ES\/wp-json\/wp\/v2\/media?parent=9561"}],"curies":[{"name":"wp","href":"https:\/\/api.w.org\/{rel}","templated":true}]}}